{"id":1132,"date":"2023-09-13T21:15:14","date_gmt":"2023-09-13T18:15:14","guid":{"rendered":"https:\/\/www.tumbentonit.com\/?page_id=1132"},"modified":"2023-09-13T21:15:14","modified_gmt":"2023-09-13T18:15:14","slug":"kvkk","status":"publish","type":"page","link":"https:\/\/www.tumbentonit.com\/en\/kvkk\/","title":{"rendered":"KVKK Ayd\u0131nlatma Metni"},"content":{"rendered":"<p><strong>T\u00dcM BENTON\u0130T BENTON\u0130T KED\u0130 KUMU VE PET \u00dcR\u00dcNLER\u0130 &nbsp;A.\u015e.<\/strong><\/p>\n\n\n\n<p><strong>WEBS\u0130TE Z\u0130YARET\u00c7\u0130 AYDINLATMA METN\u0130<\/strong><\/p>\n\n\n\n<p>T\u00dcM BENTON\u0130T BENTON\u0130T SANAY\u0130\u0130 VE T\u0130CARET A.\u015e. (\u201c<strong>T\u00dcM BENTON\u0130T<\/strong>\u201c)&nbsp;olarak ki\u015fisel verilerinizin korunmas\u0131na ve gizlili\u011fine \u00f6nem vermekteyiz. Bu nedenle, 6698 Say\u0131l\u0131 Ki\u015fisel Verilerin Korunmas\u0131 Kanunu (\u201c<strong>Kanun<\/strong>\u201c) uyar\u0131nca, i\u015fbu ayd\u0131nlatma metni ile ki\u015fisel verilerinizin toplanma y\u00f6ntemi, i\u015fleme ama\u00e7lar\u0131, \u00fc\u00e7\u00fcnc\u00fc ki\u015filere aktar\u0131lma halleri ve ilgili ki\u015finin haklar\u0131 konusunda bilgilendirme yapmaktay\u0131z.<\/p>\n\n\n\n<p>T\u00dcM BENTON\u0130T, 5651 say\u0131l\u0131 \u0130nternet Ortam\u0131nda Yap\u0131lan Yay\u0131nlar\u0131n D\u00fczenlenmesi ve Bu Yay\u0131nlar Yoluyla \u0130\u015flenen Su\u00e7larla M\u00fccadele Edilmesi Hakk\u0131nda Kanun, 6102 say\u0131l\u0131 T\u00fcrk Ticaret Kanunu, 6098 say\u0131l\u0131 Bor\u00e7lar Kanunu, 5237 say\u0131l\u0131 T\u00fcrk Ceza Kanunu ve tabi olunan sair mevzuat kapsam\u0131ndaki y\u00fck\u00fcml\u00fcl\u00fcklerini yerine getirmek maksad\u0131yla ki\u015fisel verileri i\u015flemektedir.<\/p>\n\n\n\n<p><strong>Ki\u015fisel Verilerin Toplanma Y\u00f6ntemleri&nbsp;<\/strong><\/p>\n\n\n\n<p>T\u00dcM BENTON\u0130T, ki\u015fisel verilerinizi&nbsp;<a href=\"http:\/\/www.tumbentonit.com\/en\/\">http:\/\/www.tumbentonit.com\/<\/a>&nbsp;vas\u0131tas\u0131 ile elektronik olarak, Kanunda belirtilen ki\u015fisel veri i\u015fleme \u015fartlar\u0131na uygun olarak ve i\u015fbu Ayd\u0131nlatma Metni\u2019nde belirtilen hukuki sebepler do\u011frultusunda toplamaktad\u0131r.<\/p>\n\n\n\n<p><strong>\u0130\u015flenen Ki\u015fisel Veriler, Hukuki Sebepleri ve \u0130\u015fleme Ama\u00e7lar\u0131<\/strong><\/p>\n\n\n\n<p>T\u00dcM BENTON\u0130T, 5651 say\u0131l\u0131 Kanun uyar\u0131nca y\u00fck\u00fcml\u00fcl\u00fcklerin yerine getirilmesi, end\u00fcstriyel \u00fcr\u00fcnler ve kedi kumuna ili\u015fkin bilgilendirme yap\u0131lmas\u0131, \u0130nternet sitesindeki \u00e7evrimi\u00e7i deneyimi kullan\u0131c\u0131ya uygun hale getirmek ve kolayla\u015ft\u0131rmak ve ileti\u015fim faaliyetlerinin y\u00fcr\u00fct\u00fclmesi amac\u0131yla; \u0130\u015flem G\u00fcvenli\u011fi (IP Adresi, Log Kay\u0131tlar\u0131, Giri\u015f-\u00c7\u0131k\u0131\u015f Kay\u0131tlar\u0131, \u00c7erezler) ve irtibata ge\u00e7meniz halinde Kimlik (ad-soyad) ile \u0130leti\u015fim (e-posta, telefon numaras\u0131) ki\u015fisel verilerinizi i\u015flemektedir. \u0130lgili ki\u015fisel veriler, ilgili ki\u015finin temel hak ve \u00f6zg\u00fcrl\u00fcklerine zarar vermemek kayd\u0131yla veri sorumlusunun me\u015fru menfaatleri i\u00e7in veri i\u015flemenin zorunlu olmas\u0131 ve s\u00f6zle\u015fmenin kurulmas\u0131 veya ifas\u0131yla do\u011frudan ilgili olmas\u0131 hukuki gerek\u00e7eleriyle i\u015flenmektedir.<\/p>\n\n\n\n<p><strong>Ki\u015fisel Verilerin Aktar\u0131lmas\u0131<\/strong><\/p>\n\n\n\n<p>T\u00dcM BENTON\u0130T, i\u015fbu Ayd\u0131nlatma Metninde belirtilen ama\u00e7lar do\u011frultusunda Kanunun 8. maddesine uygun olarak, gerekli \u00f6nlemleri almak kayd\u0131yla ki\u015fisel verileri; i\u015f ortaklar\u0131, hukuk dan\u0131\u015fmanlar\u0131, mali dan\u0131\u015fmanlar ve vergi dan\u0131\u015fmanlar\u0131, d\u00fczenleyici ve denetleyici kurumlar ile mahkeme ve icra m\u00fcd\u00fcrl\u00fckleri gibi ilgili ki\u015finin ki\u015fisel verilerini talep etmeye yetkili kurum veya kurulu\u015flar ve bunlar\u0131n belirledi\u011fi ki\u015filer ile yurti\u00e7inde payla\u015fabilir. T\u00dcM BENTON\u0130T, 6698 say\u0131l\u0131 Kanun\u2019a uygun olarak i\u015fledi\u011fi ki\u015fisel verileri yurt d\u0131\u015f\u0131na aktarmamaktad\u0131r.<\/p>\n\n\n\n<p><strong>\u0130lgili Ki\u015finin Haklar\u0131<\/strong><\/p>\n\n\n\n<p>T\u00dcM BENTON\u0130T taraf\u0131ndan ki\u015fisel verileri i\u015flenen \u0130lgili Ki\u015fi, Kanun\u2019un 11. Maddesinde say\u0131lan a\u015fa\u011f\u0131daki haklar\u0131n\u0131 kullanabilir:<\/p>\n\n\n\n<ul class=\"wp-block-list\">\n<li>Ki\u015fisel verilerinin i\u015flenip i\u015flenmedi\u011fini \u00f6\u011frenme,<\/li>\n\n\n\n<li>Ki\u015fisel verileri i\u015flenmi\u015fse buna ili\u015fkin bilgi talep etme,<\/li>\n\n\n\n<li>Ki\u015fisel verilerinin i\u015flenme amac\u0131n\u0131 ve bunlar\u0131n amac\u0131na uygun kullan\u0131l\u0131p kullan\u0131lmad\u0131\u011f\u0131n\u0131 \u00f6\u011frenme,<\/li>\n\n\n\n<li>Yurt i\u00e7inde veya yurt d\u0131\u015f\u0131nda ki\u015fisel verilerin aktar\u0131ld\u0131\u011f\u0131 \u00fc\u00e7\u00fcnc\u00fc ki\u015fileri bilme,<\/li>\n\n\n\n<li>Ki\u015fisel verilerin eksik veya yanl\u0131\u015f i\u015flenmi\u015f olmas\u0131 h\u00e2linde bunlar\u0131n d\u00fczeltilmesini isteme,<\/li>\n\n\n\n<li>Ki\u015fisel verilerin silinmesini veya yok edilmesini isteme,<\/li>\n\n\n\n<li>Ki\u015fisel verilerin d\u00fczeltilmesi, silinmesi veya yok edilmesine ili\u015fkin i\u015flemlerin ki\u015fisel verilerin aktar\u0131ld\u0131\u011f\u0131 \u00fc\u00e7\u00fcnc\u00fc ki\u015filere bildirilmesini isteme,<\/li>\n\n\n\n<li>\u0130\u015flenen verilerin m\u00fcnhas\u0131ran otomatik sistemler vas\u0131tas\u0131yla analiz edilmesi suretiyle ki\u015finin kendisi aleyhine bir sonucun ortaya \u00e7\u0131kmas\u0131na itiraz etme,<\/li>\n\n\n\n<li>Ki\u015fisel verilerin kanuna ayk\u0131r\u0131 olarak i\u015flenmesi sebebiyle zarara u\u011framas\u0131 h\u00e2linde zarar\u0131n giderilmesini talep etme<\/li>\n<\/ul>\n\n\n\n<p>\u0130lgili Ki\u015fi,&nbsp;<strong><em>Veri Sorumlusuna Ba\u015fvuru Usul ve Esaslar\u0131 Hakk\u0131nda Tebli\u011f<\/em>&nbsp;<\/strong>uyar\u0131nca<strong>,&nbsp;<\/strong>taleplerini, yaz\u0131l\u0131 olarak veya kay\u0131tl\u0131 elektronik posta adresi, g\u00fcvenli elektronik imza, mobil imza ya da elektronik posta adresi kullan\u0131lmak suretiyle iletebilecektir. Bunun i\u00e7in, Ad-Soyad, \u0130mza, T.C. Kimlik Numaras\u0131, yerle\u015fim yeri veya i\u015fyeri adresi, varsa elektronik posta adresi, telefon veya faks numaras\u0131 ile birlikte, kullan\u0131lmak istenen hakka y\u00f6nelik a\u00e7\u0131klamalar\u0131 i\u00e7eren dilek\u00e7e ile Bolluca Mah. Saray Bosna Cd. No 67\/2 Arnavutk\u00f6y \/ \u0130stanbul \/ T\u00fcrkiye adresine ba\u015fvuru yap\u0131labilir. Ayr\u0131ca bilgi@tumbentonit.com e-posta adresi veya +90 535 704 58 13 telefon numaras\u0131 \u00fczerinden bilgi al\u0131nabilir.<\/p>\n\n\n\n<p>\u0130lgili ki\u015finin ba\u015fvurusunu m\u00fcteakip T\u00dcM BENTON\u0130T 30 g\u00fcnl\u00fck yasal s\u00fcre i\u00e7inde ilgili ki\u015finin ba\u015fvurusunu \u00fccretsiz olarak sonu\u00e7land\u0131racakt\u0131r. \u0130lgili ki\u015finin taleplerinin yerine getirilmesi i\u00e7in ayr\u0131ca maliyet hesaplanmas\u0131n\u0131 gerektiren hallerde T\u00dcM BENTON\u0130T; CD, flash bellek, gibi kay\u0131t ortamlar\u0131nda cevap verilmesi halinde s\u00f6z konusu kay\u0131t ortam\u0131n\u0131n maliyeti tutar\u0131nda \u00fccret ilgili ki\u015fiden talep edebilecektir.<\/p>\n\n\n\n<p>T\u00dcM BENTON\u0130T; Kanunda meydana gelebilecek de\u011fi\u015fiklikler ve Ki\u015fisel Verileri Koruma Kurulu taraf\u0131ndan belirlenebilecek yeni y\u00f6ntem veya y\u00f6netmelikler sebebiyle, bu ayd\u0131nlatma bildiriminde de\u011fi\u015fiklik yapma hakk\u0131na sahiptir.<\/p>\n\n\n\n<p><strong>SONU\u00c7<\/strong><\/p>\n\n\n\n<p>T\u00dcM BENTON\u0130T taraf\u0131ndan i\u015flenen ki\u015fisel veriler, i\u015fbu Ayd\u0131nlatma Metni ile belirtilen ama\u00e7lar ve kapsam d\u0131\u015f\u0131nda kullan\u0131lmamak kayd\u0131yla gerekli t\u00fcm bilgi g\u00fcvenli\u011fi tedbirleri de al\u0131narak i\u015flenebilecek; i\u015fleme amac\u0131n\u0131n gerekli k\u0131ld\u0131\u011f\u0131 s\u00fcre boyunca saklanacak ve i\u015fleme amac\u0131n\u0131n gerekli k\u0131ld\u0131\u011f\u0131 s\u00fcrenin sonunda anonimle\u015ftirilerek T\u00dcM BENTON\u0130T taraf\u0131ndan kullan\u0131lmaya devam edilecek yahut Kanun ve ilgili mevzuata uygun olarak ilgili prosed\u00fcr gere\u011fi imha edilecektir.<\/p>\n\n\n\n<p>T\u00dcM BENTON\u0130T, Kanun gere\u011fince ilgili ki\u015finin ki\u015fisel verilerini hukuka ve d\u00fcr\u00fcstl\u00fck kural\u0131na uygun olarak do\u011fru ve gerekti\u011finde g\u00fcncel olarak, belirli, a\u00e7\u0131k ve me\u015fru ama\u00e7lar do\u011frultusunda, i\u015flendikleri ama\u00e7la ba\u011flant\u0131l\u0131, s\u0131n\u0131rl\u0131 ve \u00f6l\u00e7\u00fcl\u00fc olarak, ilgili mevzuatta \u00f6ng\u00f6r\u00fclen s\u00fcre kadar veya i\u015flendikleri ama\u00e7 i\u00e7in gerekli olan s\u00fcre kadar i\u015flenmesine \u00f6zellikle dikkat etmekte ve bu ama\u00e7la gerekli tedbirleri almaktad\u0131r.<\/p>","protected":false},"excerpt":{"rendered":"<p>T\u00dcM BENTON\u0130T BENTON\u0130T KED\u0130 KUMU VE PET \u00dcR\u00dcNLER\u0130 &nbsp;A.\u015e. WEBS\u0130TE Z\u0130YARET\u00c7\u0130 AYDINLATMA METN\u0130 T\u00dcM BENTON\u0130T BENTON\u0130T SANAY\u0130\u0130 VE T\u0130CARET A.\u015e. (\u201cT\u00dcM BENTON\u0130T\u201c)&nbsp;olarak ki\u015fisel verilerinizin korunmas\u0131na ve gizlili\u011fine \u00f6nem vermekteyiz. Bu nedenle, 6698 Say\u0131l\u0131 Ki\u015fisel Verilerin Korunmas\u0131 Kanunu (\u201cKanun\u201c) uyar\u0131nca, i\u015fbu ayd\u0131nlatma metni ile ki\u015fisel verilerinizin toplanma y\u00f6ntemi, i\u015fleme ama\u00e7lar\u0131, \u00fc\u00e7\u00fcnc\u00fc ki\u015filere aktar\u0131lma halleri ve ilgili [&hellip;]<\/p>\n","protected":false},"author":1,"featured_media":0,"parent":0,"menu_order":0,"comment_status":"closed","ping_status":"closed","template":"","meta":{"_acf_changed":false,"footnotes":""},"class_list":["post-1132","page","type-page","status-publish","hentry"],"acf":[],"post_mailing_queue_ids":[],"_links":{"self":[{"href":"https:\/\/www.tumbentonit.com\/en\/wp-json\/wp\/v2\/pages\/1132","targetHints":{"allow":["GET"]}}],"collection":[{"href":"https:\/\/www.tumbentonit.com\/en\/wp-json\/wp\/v2\/pages"}],"about":[{"href":"https:\/\/www.tumbentonit.com\/en\/wp-json\/wp\/v2\/types\/page"}],"author":[{"embeddable":true,"href":"https:\/\/www.tumbentonit.com\/en\/wp-json\/wp\/v2\/users\/1"}],"replies":[{"embeddable":true,"href":"https:\/\/www.tumbentonit.com\/en\/wp-json\/wp\/v2\/comments?post=1132"}],"version-history":[{"count":1,"href":"https:\/\/www.tumbentonit.com\/en\/wp-json\/wp\/v2\/pages\/1132\/revisions"}],"predecessor-version":[{"id":1133,"href":"https:\/\/www.tumbentonit.com\/en\/wp-json\/wp\/v2\/pages\/1132\/revisions\/1133"}],"wp:attachment":[{"href":"https:\/\/www.tumbentonit.com\/en\/wp-json\/wp\/v2\/media?parent=1132"}],"curies":[{"name":"wp","href":"https:\/\/api.w.org\/{rel}","templated":true}]}}