{"id":56,"date":"2020-06-23T11:41:21","date_gmt":"2020-06-23T08:41:21","guid":{"rendered":"https:\/\/jupiterx.artbees.net\/accountant\/?page_id=56"},"modified":"2024-06-30T14:52:58","modified_gmt":"2024-06-30T11:52:58","slug":"hakkimizda","status":"publish","type":"page","link":"https:\/\/www.tumbentonit.com\/en\/hakkimizda\/","title":{"rendered":"About us"},"content":{"rendered":"\t\t<div data-elementor-type=\"wp-page\" data-elementor-id=\"56\" class=\"elementor elementor-56\">\n\t\t\t\t\t\t\t\t\t<section class=\"elementor-section elementor-top-section elementor-element elementor-element-bdf22e8 elementor-section-boxed elementor-section-height-default elementor-section-height-default\" data-id=\"bdf22e8\" data-element_type=\"section\" data-settings=\"{&quot;jet_parallax_layout_list&quot;:[{&quot;jet_parallax_layout_image&quot;:{&quot;url&quot;:&quot;&quot;,&quot;id&quot;:&quot;&quot;,&quot;size&quot;:&quot;&quot;},&quot;_id&quot;:&quot;bd17729&quot;,&quot;jet_parallax_layout_image_tablet&quot;:{&quot;url&quot;:&quot;&quot;,&quot;id&quot;:&quot;&quot;,&quot;size&quot;:&quot;&quot;},&quot;jet_parallax_layout_image_mobile&quot;:{&quot;url&quot;:&quot;&quot;,&quot;id&quot;:&quot;&quot;,&quot;size&quot;:&quot;&quot;},&quot;jet_parallax_layout_speed&quot;:{&quot;unit&quot;:&quot;%&quot;,&quot;size&quot;:&quot;50&quot;,&quot;sizes&quot;:[]},&quot;jet_parallax_layout_bg_x&quot;:&quot;50&quot;,&quot;jet_parallax_layout_bg_y&quot;:&quot;50&quot;,&quot;jet_parallax_layout_type&quot;:&quot;scroll&quot;,&quot;jet_parallax_layout_direction&quot;:null,&quot;jet_parallax_layout_fx_direction&quot;:null,&quot;jet_parallax_layout_z_index&quot;:&quot;&quot;,&quot;jet_parallax_layout_bg_x_tablet&quot;:&quot;&quot;,&quot;jet_parallax_layout_bg_x_mobile&quot;:&quot;&quot;,&quot;jet_parallax_layout_bg_y_tablet&quot;:&quot;&quot;,&quot;jet_parallax_layout_bg_y_mobile&quot;:&quot;&quot;,&quot;jet_parallax_layout_bg_size&quot;:&quot;auto&quot;,&quot;jet_parallax_layout_bg_size_tablet&quot;:&quot;&quot;,&quot;jet_parallax_layout_bg_size_mobile&quot;:&quot;&quot;,&quot;jet_parallax_layout_animation_prop&quot;:&quot;transform&quot;,&quot;jet_parallax_layout_on&quot;:[&quot;desktop&quot;,&quot;tablet&quot;]}],&quot;background_background&quot;:&quot;classic&quot;}\">\n\t\t\t\t\t\t\t<div class=\"elementor-background-overlay\"><\/div>\n\t\t\t\t\t\t\t<div class=\"elementor-container elementor-column-gap-no\">\n\t\t\t\t\t<div class=\"elementor-column elementor-col-50 elementor-top-column elementor-element elementor-element-6147b0c\" data-id=\"6147b0c\" data-element_type=\"column\">\n\t\t\t<div class=\"elementor-widget-wrap\">\n\t\t\t\t\t\t\t\t\t<\/div>\n\t\t<\/div>\n\t\t\t\t<div class=\"elementor-column elementor-col-50 elementor-top-column elementor-element elementor-element-623874f\" data-id=\"623874f\" data-element_type=\"column\">\n\t\t\t<div class=\"elementor-widget-wrap\">\n\t\t\t\t\t\t\t\t\t<\/div>\n\t\t<\/div>\n\t\t\t\t\t\t\t<\/div>\n\t\t<\/section>\n\t\t\t\t<section class=\"elementor-section elementor-top-section elementor-element elementor-element-05565fa elementor-section-boxed elementor-section-height-default elementor-section-height-default\" data-id=\"05565fa\" data-element_type=\"section\" data-settings=\"{&quot;jet_parallax_layout_list&quot;:[{&quot;jet_parallax_layout_image&quot;:{&quot;url&quot;:&quot;&quot;,&quot;id&quot;:&quot;&quot;,&quot;size&quot;:&quot;&quot;},&quot;_id&quot;:&quot;1ae6acf&quot;,&quot;jet_parallax_layout_image_tablet&quot;:{&quot;url&quot;:&quot;&quot;,&quot;id&quot;:&quot;&quot;,&quot;size&quot;:&quot;&quot;},&quot;jet_parallax_layout_image_mobile&quot;:{&quot;url&quot;:&quot;&quot;,&quot;id&quot;:&quot;&quot;,&quot;size&quot;:&quot;&quot;},&quot;jet_parallax_layout_speed&quot;:{&quot;unit&quot;:&quot;%&quot;,&quot;size&quot;:&quot;50&quot;,&quot;sizes&quot;:[]},&quot;jet_parallax_layout_bg_x&quot;:&quot;50&quot;,&quot;jet_parallax_layout_bg_y&quot;:&quot;50&quot;,&quot;jet_parallax_layout_type&quot;:&quot;scroll&quot;,&quot;jet_parallax_layout_direction&quot;:null,&quot;jet_parallax_layout_fx_direction&quot;:null,&quot;jet_parallax_layout_z_index&quot;:&quot;&quot;,&quot;jet_parallax_layout_bg_x_tablet&quot;:&quot;&quot;,&quot;jet_parallax_layout_bg_x_mobile&quot;:&quot;&quot;,&quot;jet_parallax_layout_bg_y_tablet&quot;:&quot;&quot;,&quot;jet_parallax_layout_bg_y_mobile&quot;:&quot;&quot;,&quot;jet_parallax_layout_bg_size&quot;:&quot;auto&quot;,&quot;jet_parallax_layout_bg_size_tablet&quot;:&quot;&quot;,&quot;jet_parallax_layout_bg_size_mobile&quot;:&quot;&quot;,&quot;jet_parallax_layout_animation_prop&quot;:&quot;transform&quot;,&quot;jet_parallax_layout_on&quot;:[&quot;desktop&quot;,&quot;tablet&quot;]}]}\">\n\t\t\t\t\t\t<div class=\"elementor-container elementor-column-gap-no\">\n\t\t\t\t\t<div class=\"elementor-column elementor-col-50 elementor-top-column elementor-element elementor-element-b620cd5\" data-id=\"b620cd5\" data-element_type=\"column\">\n\t\t\t<div class=\"elementor-widget-wrap elementor-element-populated\">\n\t\t\t\t\t\t\t\t<div class=\"elementor-element elementor-element-e8faedc elementor-widget elementor-widget-heading\" data-id=\"e8faedc\" data-element_type=\"widget\" data-widget_type=\"heading.default\">\n\t\t\t\t<div class=\"elementor-widget-container\">\n\t\t\t<style>\/*! elementor - v3.15.0 - 20-08-2023 *\/\n.elementor-heading-title{padding:0;margin:0;line-height:1}.elementor-widget-heading .elementor-heading-title[class*=elementor-size-]>a{color:inherit;font-size:inherit;line-height:inherit}.elementor-widget-heading .elementor-heading-title.elementor-size-small{font-size:15px}.elementor-widget-heading .elementor-heading-title.elementor-size-medium{font-size:19px}.elementor-widget-heading .elementor-heading-title.elementor-size-large{font-size:29px}.elementor-widget-heading .elementor-heading-title.elementor-size-xl{font-size:39px}.elementor-widget-heading .elementor-heading-title.elementor-size-xxl{font-size:59px}<\/style><h2 class=\"elementor-heading-title elementor-size-default\">Hakk\u0131m\u0131zda<\/h2>\t\t<\/div>\n\t\t\t\t<\/div>\n\t\t\t\t<div class=\"elementor-element elementor-element-4337202 elementor-widget elementor-widget-text-editor\" data-id=\"4337202\" data-element_type=\"widget\" data-widget_type=\"text-editor.default\">\n\t\t\t\t<div class=\"elementor-widget-container\">\n\t\t\t<style>\/*! elementor - v3.15.0 - 20-08-2023 *\/\n.elementor-widget-text-editor.elementor-drop-cap-view-stacked .elementor-drop-cap{background-color:#69727d;color:#fff}.elementor-widget-text-editor.elementor-drop-cap-view-framed .elementor-drop-cap{color:#69727d;border:3px solid;background-color:transparent}.elementor-widget-text-editor:not(.elementor-drop-cap-view-default) .elementor-drop-cap{margin-top:8px}.elementor-widget-text-editor:not(.elementor-drop-cap-view-default) .elementor-drop-cap-letter{width:1em;height:1em}.elementor-widget-text-editor .elementor-drop-cap{float:left;text-align:center;line-height:1;font-size:50px}.elementor-widget-text-editor .elementor-drop-cap-letter{display:inline-block}<\/style>\t\t\t\t<p>T\u00fcm Bentonit Kedi Kumu ve Pet Malzemeleri A.\u015e 2023 y\u0131l\u0131nda kurulmu\u015ftur.\u00a0<\/p><p>Kurucular\u0131 aras\u0131nda 20 y\u0131l\u0131n \u00fczerinde T\u00fcrkiye&#8217;nin k\u0131ymetli veteriner hekimlerinin bulunmas\u0131 ile kalite ve bilimsel yakla\u015f\u0131m\u0131n \u00fcretimde \u015firket politikas\u0131 olmas\u0131 \u00f6nceli\u011fimiz olmu\u015ftur .<\/p><p>\u00dcretim tesisimiz <strong>Tekirda\u011f\u00a0<\/strong>ili<strong> Malkara<\/strong> <strong>il\u00e7esi<\/strong> organize sanayii i\u00e7erisinde bulunmaktad\u0131r. Madenlerimiz Trakya b\u00f6lgesinin en verimli bentonit madenlerinden olu\u015fmaktad\u0131r. B\u00f6lgenin kendine has \u00f6zellikteki hammadde yap\u0131s\u0131 ve son teknoloji \u00fcretim tesisimiz ile \u015firketimize ait, ruhsatl\u0131 maden sahalar\u0131ndan \u00e7\u0131kar\u0131yor ve i\u015fliyoruz.\u00a0<\/p><p>\u015eirketimiz tamamen kedi kumu \u00fcretmek ,yeni form\u00fcller geli\u015ftirmek \u00fczerine uzmanla\u015fm\u0131\u015f laboratuvar ekibi ile veteriner hekimlerin i\u015fbirli\u011fi ile y\u00f6netilmektedir.<\/p><p>\u00dcr\u00fcnlerimizin uluslararas\u0131 pazarlara ula\u015fabilme i\u00e7in <strong>1 saat<\/strong> uzakl\u0131ktaki\u00a0 <strong>Tekirda\u011f<\/strong> liman\u0131 ve <strong>2 saat<\/strong> uzakl\u0131ktaki <strong>\u0130stanbul<\/strong> liman\u0131n\u0131 kullanmaktay\u0131z. Konumumuz sebebiyle di\u011fer b\u00f6lgelere oranla %50 daha d\u00fc\u015f\u00fck navlun alma \u015fans\u0131m\u0131z bulunmaktat\u0131r.<\/p><p>T\u00fcm Bentonit A.\u015e.<\/p>\t\t\t\t\t\t<\/div>\n\t\t\t\t<\/div>\n\t\t\t\t\t<\/div>\n\t\t<\/div>\n\t\t\t\t<div class=\"elementor-column elementor-col-50 elementor-top-column elementor-element elementor-element-bc95122\" data-id=\"bc95122\" data-element_type=\"column\">\n\t\t\t<div class=\"elementor-widget-wrap elementor-element-populated\">\n\t\t\t\t\t\t\t\t<div class=\"elementor-element elementor-element-04e0994 elementor-widget elementor-widget-image\" data-id=\"04e0994\" data-element_type=\"widget\" data-widget_type=\"image.default\">\n\t\t\t\t<div class=\"elementor-widget-container\">\n\t\t\t<style>\/*! elementor - v3.15.0 - 20-08-2023 *\/\n.elementor-widget-image{text-align:center}.elementor-widget-image a{display:inline-block}.elementor-widget-image a img[src$=\".svg\"]{width:48px}.elementor-widget-image img{vertical-align:middle;display:inline-block}<\/style>\t\t\t\t\t\t\t\t\t\t\t\t<img loading=\"lazy\" decoding=\"async\" width=\"768\" height=\"576\" src=\"https:\/\/www.tumbentonit.com\/wp-content\/uploads\/2023\/12\/Our-Factory-768x576.png\" class=\"attachment-medium_large size-medium_large wp-image-1306\" alt=\"\" srcset=\"https:\/\/www.tumbentonit.com\/wp-content\/uploads\/2023\/12\/Our-Factory-768x576.png 768w, https:\/\/www.tumbentonit.com\/wp-content\/uploads\/2023\/12\/Our-Factory-300x225.png 300w, https:\/\/www.tumbentonit.com\/wp-content\/uploads\/2023\/12\/Our-Factory-16x12.png 16w, https:\/\/www.tumbentonit.com\/wp-content\/uploads\/2023\/12\/Our-Factory.png 1024w\" sizes=\"auto, (max-width: 768px) 100vw, 768px\" \/>\t\t\t\t\t\t\t\t\t\t\t\t\t\t\t<\/div>\n\t\t\t\t<\/div>\n\t\t\t\t<div class=\"elementor-element elementor-element-2ff5845 elementor-widget elementor-widget-spacer\" data-id=\"2ff5845\" data-element_type=\"widget\" data-widget_type=\"spacer.default\">\n\t\t\t\t<div class=\"elementor-widget-container\">\n\t\t\t<style>\/*! elementor - v3.15.0 - 20-08-2023 *\/\n.elementor-column .elementor-spacer-inner{height:var(--spacer-size)}.e-con{--container-widget-width:100%}.e-con-inner>.elementor-widget-spacer,.e-con>.elementor-widget-spacer{width:var(--container-widget-width,var(--spacer-size));--align-self:var(--container-widget-align-self,initial);--flex-shrink:0}.e-con-inner>.elementor-widget-spacer>.elementor-widget-container,.e-con-inner>.elementor-widget-spacer>.elementor-widget-container>.elementor-spacer,.e-con>.elementor-widget-spacer>.elementor-widget-container,.e-con>.elementor-widget-spacer>.elementor-widget-container>.elementor-spacer{height:100%}.e-con-inner>.elementor-widget-spacer>.elementor-widget-container>.elementor-spacer>.elementor-spacer-inner,.e-con>.elementor-widget-spacer>.elementor-widget-container>.elementor-spacer>.elementor-spacer-inner{height:var(--container-widget-height,var(--spacer-size))}<\/style>\t\t<div class=\"elementor-spacer\">\n\t\t\t<div class=\"elementor-spacer-inner\"><\/div>\n\t\t<\/div>\n\t\t\t\t<\/div>\n\t\t\t\t<\/div>\n\t\t\t\t<div class=\"elementor-element elementor-element-472f718 elementor-widget elementor-widget-image\" data-id=\"472f718\" data-element_type=\"widget\" data-widget_type=\"image.default\">\n\t\t\t\t<div class=\"elementor-widget-container\">\n\t\t\t\t\t\t\t\t\t\t\t\t\t\t\t<img loading=\"lazy\" decoding=\"async\" width=\"768\" height=\"432\" src=\"https:\/\/www.tumbentonit.com\/wp-content\/uploads\/2024\/06\/DJI_00061-768x432.jpg\" class=\"attachment-medium_large size-medium_large wp-image-1331\" alt=\"\" srcset=\"https:\/\/www.tumbentonit.com\/wp-content\/uploads\/2024\/06\/DJI_00061-768x432.jpg 768w, https:\/\/www.tumbentonit.com\/wp-content\/uploads\/2024\/06\/DJI_00061-300x169.jpg 300w, https:\/\/www.tumbentonit.com\/wp-content\/uploads\/2024\/06\/DJI_00061-1024x576.jpg 1024w, https:\/\/www.tumbentonit.com\/wp-content\/uploads\/2024\/06\/DJI_00061-1536x864.jpg 1536w, https:\/\/www.tumbentonit.com\/wp-content\/uploads\/2024\/06\/DJI_00061-2048x1152.jpg 2048w, https:\/\/www.tumbentonit.com\/wp-content\/uploads\/2024\/06\/DJI_00061-18x10.jpg 18w\" sizes=\"auto, (max-width: 768px) 100vw, 768px\" \/>\t\t\t\t\t\t\t\t\t\t\t\t\t\t\t<\/div>\n\t\t\t\t<\/div>\n\t\t\t\t\t<\/div>\n\t\t<\/div>\n\t\t\t\t\t\t\t<\/div>\n\t\t<\/section>\n\t\t\t\t\t\t\t<\/div>\n\t\t","protected":false},"excerpt":{"rendered":"<p>Hakk\u0131m\u0131zda T\u00fcm Bentonit Kedi Kumu ve Pet Malzemeleri A.\u015e 2023 y\u0131l\u0131nda kurulmu\u015ftur.\u00a0 Kurucular\u0131 aras\u0131nda 20 y\u0131l\u0131n \u00fczerinde T\u00fcrkiye&#8217;nin k\u0131ymetli veteriner hekimlerinin bulunmas\u0131 ile kalite ve bilimsel yakla\u015f\u0131m\u0131n \u00fcretimde \u015firket politikas\u0131 olmas\u0131 \u00f6nceli\u011fimiz olmu\u015ftur . \u00dcretim tesisimiz Tekirda\u011f\u00a0ili Malkara il\u00e7esi organize sanayii i\u00e7erisinde bulunmaktad\u0131r. Madenlerimiz Trakya b\u00f6lgesinin en verimli bentonit madenlerinden olu\u015fmaktad\u0131r. B\u00f6lgenin kendine has \u00f6zellikteki [&hellip;]<\/p>\n","protected":false},"author":1,"featured_media":0,"parent":0,"menu_order":0,"comment_status":"closed","ping_status":"closed","template":"full-width.php","meta":{"_acf_changed":false,"footnotes":""},"class_list":["post-56","page","type-page","status-publish","hentry"],"acf":[],"post_mailing_queue_ids":[],"_links":{"self":[{"href":"https:\/\/www.tumbentonit.com\/en\/wp-json\/wp\/v2\/pages\/56","targetHints":{"allow":["GET"]}}],"collection":[{"href":"https:\/\/www.tumbentonit.com\/en\/wp-json\/wp\/v2\/pages"}],"about":[{"href":"https:\/\/www.tumbentonit.com\/en\/wp-json\/wp\/v2\/types\/page"}],"author":[{"embeddable":true,"href":"https:\/\/www.tumbentonit.com\/en\/wp-json\/wp\/v2\/users\/1"}],"replies":[{"embeddable":true,"href":"https:\/\/www.tumbentonit.com\/en\/wp-json\/wp\/v2\/comments?post=56"}],"version-history":[{"count":45,"href":"https:\/\/www.tumbentonit.com\/en\/wp-json\/wp\/v2\/pages\/56\/revisions"}],"predecessor-version":[{"id":1334,"href":"https:\/\/www.tumbentonit.com\/en\/wp-json\/wp\/v2\/pages\/56\/revisions\/1334"}],"wp:attachment":[{"href":"https:\/\/www.tumbentonit.com\/en\/wp-json\/wp\/v2\/media?parent=56"}],"curies":[{"name":"wp","href":"https:\/\/api.w.org\/{rel}","templated":true}]}}